{"id":22957,"date":"2023-12-18T10:56:06","date_gmt":"2023-12-18T09:56:06","guid":{"rendered":"https:\/\/daudruy.fr\/?page_id=22957"},"modified":"2023-12-18T11:13:43","modified_gmt":"2023-12-18T10:13:43","slug":"test-contact","status":"publish","type":"page","link":"https:\/\/daudruy.fr\/en\/test-contact","title":{"rendered":"Test contact"},"content":{"rendered":"\t\t<div data-elementor-type=\"wp-page\" data-elementor-id=\"22957\" class=\"elementor elementor-22957\" data-elementor-post-type=\"page\">\n\t\t\t\t\t\t<section class=\"elementor-section elementor-top-section elementor-element elementor-element-a9f485d elementor-section-boxed elementor-section-height-default elementor-section-height-default\" data-id=\"a9f485d\" data-element_type=\"section\" data-e-type=\"section\" data-settings=\"{&quot;background_background&quot;:&quot;classic&quot;}\">\n\t\t\t\t\t\t<div class=\"elementor-container elementor-column-gap-default\">\n\t\t\t\t\t<div class=\"elementor-column elementor-col-100 elementor-top-column elementor-element elementor-element-6d620a5\" data-id=\"6d620a5\" data-element_type=\"column\" data-e-type=\"column\">\n\t\t\t<div class=\"elementor-widget-wrap elementor-element-populated\">\n\t\t\t\t\t\t<div class=\"elementor-element elementor-element-c51abd2 elementor-button-align-center elementor-widget elementor-widget-form\" data-id=\"c51abd2\" data-element_type=\"widget\" data-e-type=\"widget\" data-settings=\"{&quot;step_next_label&quot;:&quot;Next&quot;,&quot;step_previous_label&quot;:&quot;Previous&quot;,&quot;step_type&quot;:&quot;number_text&quot;,&quot;step_icon_shape&quot;:&quot;circle&quot;}\" data-widget_type=\"form.default\">\n\t\t\t\t<div class=\"elementor-widget-container\">\n\t\t\t\t\t\t\t<form class=\"elementor-form\" method=\"post\" id=\"contact\" name=\"New Form\" aria-label=\"New Form\">\n\t\t\t<input type=\"hidden\" name=\"post_id\" value=\"22957\"\/>\n\t\t\t<input type=\"hidden\" name=\"form_id\" value=\"c51abd2\"\/>\n\t\t\t<input type=\"hidden\" name=\"referer_title\" value=\"Daudruy\" \/>\n\n\t\t\t\n\t\t\t<div class=\"elementor-form-fields-wrapper elementor-labels-\">\n\t\t\t\t\t\t\t\t<div class=\"elementor-field-type-text elementor-field-group elementor-column elementor-field-group-name elementor-col-100\">\n\t\t\t\t\t\t\t\t\t\t\t\t<label for=\"form-field-name\" class=\"elementor-field-label elementor-screen-only\">\n\t\t\t\t\t\t\t\tSoci\u00e9t\u00e9\t\t\t\t\t\t\t<\/label>\n\t\t\t\t\t\t\t\t\t\t\t\t\t\t<input size=\"1\" type=\"text\" name=\"form_fields[name]\" id=\"form-field-name\" class=\"elementor-field elementor-size-sm  elementor-field-textual\" placeholder=\"Soci\u00e9t\u00e9\">\n\t\t\t\t\t\t\t\t\t\t\t<\/div>\n\t\t\t\t\t\t\t\t<div class=\"elementor-field-type-text elementor-field-group elementor-column elementor-field-group-field_a8ba2e4 elementor-col-50\">\n\t\t\t\t\t\t\t\t\t\t\t\t<label for=\"form-field-field_a8ba2e4\" class=\"elementor-field-label elementor-screen-only\">\n\t\t\t\t\t\t\t\tNom\t\t\t\t\t\t\t<\/label>\n\t\t\t\t\t\t\t\t\t\t\t\t\t\t<input size=\"1\" type=\"text\" name=\"form_fields[field_a8ba2e4]\" id=\"form-field-field_a8ba2e4\" class=\"elementor-field elementor-size-sm  elementor-field-textual\" placeholder=\"Nom\">\n\t\t\t\t\t\t\t\t\t\t\t<\/div>\n\t\t\t\t\t\t\t\t<div class=\"elementor-field-type-text elementor-field-group elementor-column elementor-field-group-field_e824c30 elementor-col-50\">\n\t\t\t\t\t\t\t\t\t\t\t\t<label for=\"form-field-field_e824c30\" class=\"elementor-field-label elementor-screen-only\">\n\t\t\t\t\t\t\t\tPr\u00e9nom\t\t\t\t\t\t\t<\/label>\n\t\t\t\t\t\t\t\t\t\t\t\t\t\t<input size=\"1\" type=\"text\" name=\"form_fields[field_e824c30]\" id=\"form-field-field_e824c30\" class=\"elementor-field elementor-size-sm  elementor-field-textual\" placeholder=\"Pr\u00e9nom\">\n\t\t\t\t\t\t\t\t\t\t\t<\/div>\n\t\t\t\t\t\t\t\t<div class=\"elementor-field-type-email elementor-field-group elementor-column elementor-field-group-email elementor-col-50 elementor-field-required\">\n\t\t\t\t\t\t\t\t\t\t\t\t<label for=\"form-field-email\" class=\"elementor-field-label elementor-screen-only\">\n\t\t\t\t\t\t\t\tEmail\t\t\t\t\t\t\t<\/label>\n\t\t\t\t\t\t\t\t\t\t\t\t\t\t<input size=\"1\" type=\"email\" name=\"form_fields[email]\" id=\"form-field-email\" class=\"elementor-field elementor-size-sm  elementor-field-textual\" placeholder=\"Email\" required=\"required\">\n\t\t\t\t\t\t\t\t\t\t\t<\/div>\n\t\t\t\t\t\t\t\t<div class=\"elementor-field-type-tel elementor-field-group elementor-column elementor-field-group-field_bb4cb0f elementor-col-50 elementor-field-required\">\n\t\t\t\t\t\t\t\t\t\t\t\t<label for=\"form-field-field_bb4cb0f\" class=\"elementor-field-label elementor-screen-only\">\n\t\t\t\t\t\t\t\tT\u00e9l\u00e9phone\t\t\t\t\t\t\t<\/label>\n\t\t\t\t\t\t\t\t<input size=\"1\" type=\"tel\" name=\"form_fields[field_bb4cb0f]\" id=\"form-field-field_bb4cb0f\" class=\"elementor-field elementor-size-sm  elementor-field-textual\" placeholder=\"T\u00e9l\u00e9phone\" required=\"required\" pattern=\"[0-9()#&amp;+*-=.]+\" title=\"Only numbers and phone characters (#, -, *, etc) are accepted.\">\n\n\t\t\t\t\t\t<\/div>\n\t\t\t\t\t\t\t\t<div class=\"elementor-field-type-select elementor-field-group elementor-column elementor-field-group-sujet elementor-col-100 elementor-field-required\">\n\t\t\t\t\t\t\t\t\t\t\t\t<label for=\"form-field-sujet\" class=\"elementor-field-label elementor-screen-only\">\n\t\t\t\t\t\t\t\tSujet de la prise de contact\t\t\t\t\t\t\t<\/label>\n\t\t\t\t\t\t\t\t<div class=\"elementor-field elementor-select-wrapper remove-before \">\n\t\t\t<div class=\"select-caret-down-wrapper\">\n\t\t\t\t<i aria-hidden=\"true\" class=\"eicon-caret-down\"><\/i>\t\t\t<\/div>\n\t\t\t<select name=\"form_fields[sujet]\" id=\"form-field-sujet\" class=\"elementor-field-textual elementor-size-sm\" required=\"required\">\n\t\t\t\t\t\t\t\t\t<option value=\"\">Motif de la prise de contact<\/option>\n\t\t\t\t\t\t\t\t\t<option value=\"Je recherche un produit \/ une huile\">Je recherche un produit \/ une huile<\/option>\n\t\t\t\t\t\t\t\t\t<option value=\"Je recherche un job\">Je recherche un job<\/option>\n\t\t\t\t\t\t\t\t\t<option value=\"Je vends un produit\">Je vends un produit<\/option>\n\t\t\t\t\t\t\t\t\t<option value=\"Je propose un service\">Je propose un service<\/option>\n\t\t\t\t\t\t\t\t\t<option value=\"Autre(s)\">Autre(s)<\/option>\n\t\t\t\t\t\t\t<\/select>\n\t\t<\/div>\n\t\t\t\t\t\t<\/div>\n\t\t\t\t\t\t\t\t<div class=\"elementor-field-type-text elementor-field-group elementor-column elementor-field-group-field_b1642bd elementor-col-100\">\n\t\t\t\t\t\t\t\t\t\t\t\t<label for=\"form-field-field_b1642bd\" class=\"elementor-field-label elementor-screen-only\">\n\t\t\t\t\t\t\t\tObjet\t\t\t\t\t\t\t<\/label>\n\t\t\t\t\t\t\t\t\t\t\t\t\t\t<input size=\"1\" type=\"text\" name=\"form_fields[field_b1642bd]\" id=\"form-field-field_b1642bd\" class=\"elementor-field elementor-size-sm  elementor-field-textual\" placeholder=\"Objet\">\n\t\t\t\t\t\t\t\t\t\t\t<\/div>\n\t\t\t\t\t\t\t\t<div class=\"elementor-field-type-textarea elementor-field-group elementor-column elementor-field-group-field_a29089f elementor-col-100\">\n\t\t\t\t\t\t\t\t\t\t\t\t<label for=\"form-field-field_a29089f\" class=\"elementor-field-label elementor-screen-only\">\n\t\t\t\t\t\t\t\tVotre message\t\t\t\t\t\t\t<\/label>\n\t\t\t\t\t\t<textarea class=\"elementor-field-textual elementor-field  elementor-size-sm\" name=\"form_fields[field_a29089f]\" id=\"form-field-field_a29089f\" rows=\"4\" placeholder=\"Votre message\"><\/textarea>\t\t\t\t<\/div>\n\t\t\t\t\t\t\t\t<div class=\"elementor-field-type-acceptance elementor-field-group elementor-column elementor-field-group-field_6d80741 elementor-col-100\">\n\t\t\t\t\t\t\t<div class=\"elementor-field-subgroup\">\n\t\t\t<span class=\"elementor-field-option\">\n\t\t\t\t<input type=\"checkbox\" name=\"form_fields[field_6d80741]\" id=\"form-field-field_6d80741\" class=\"elementor-field elementor-size-sm  elementor-acceptance-field\">\n\t\t\t\t<label for=\"form-field-field_6d80741\">J'autorise Daudruy \u00e0 me recontacter \u00e0 des fin commerciales<\/label>\t\t\t<\/span>\n\t\t<\/div>\n\t\t\t\t\t\t<\/div>\n\t\t\t\t\t\t\t\t<div class=\"elementor-field-type-recaptcha_v3 elementor-field-group elementor-column elementor-field-group-field_83b9760 elementor-col-100 recaptcha_v3-bottomright\">\n\t\t\t\t\t<div class=\"elementor-field\" id=\"form-field-field_83b9760\"><div class=\"elementor-g-recaptcha\" data-sitekey=\"6Lf9I2MhAAAAANAl3e6Oj0O7u3hrPugSroI__sh3\" data-type=\"v3\" data-action=\"Form\" data-badge=\"bottomright\" data-size=\"invisible\"><\/div><\/div>\t\t\t\t<\/div>\n\t\t\t\t\t\t\t\t<div class=\"elementor-field-group elementor-column elementor-field-type-submit elementor-col-100 e-form__buttons\">\n\t\t\t\t\t<button class=\"elementor-button elementor-size-sm\" type=\"submit\">\n\t\t\t\t\t\t<span class=\"elementor-button-content-wrapper\">\n\t\t\t\t\t\t\t\t\t\t\t\t\t\t\t\t\t\t\t\t\t\t<span class=\"elementor-button-text\">Envoyer<\/span>\n\t\t\t\t\t\t\t\t\t\t\t\t\t<\/span>\n\t\t\t\t\t<\/button>\n\t\t\t\t<\/div>\n\t\t\t<\/div>\n\t\t<\/form>\n\t\t\t\t\t\t<\/div>\n\t\t\t\t<\/div>\n\t\t\t\t\t<\/div>\n\t\t<\/div>\n\t\t\t\t\t<\/div>\n\t\t<\/section>\n\t\t\t\t<\/div>\n\t\t","protected":false},"excerpt":{"rendered":"","protected":false},"author":1,"featured_media":0,"parent":0,"menu_order":0,"comment_status":"closed","ping_status":"closed","template":"","meta":{"_acf_changed":false,"_seopress_robots_primary_cat":"","_seopress_titles_title":"","_seopress_titles_desc":"","_seopress_robots_index":"yes","inline_featured_image":false,"footnotes":""},"class_list":["post-22957","page","type-page","status-publish","hentry"],"acf":[],"yoast_head":"<!-- This site is optimized with the Yoast SEO Premium plugin v22.8 (Yoast SEO v27.2) - https:\/\/yoast.com\/product\/yoast-seo-premium-wordpress\/ -->\n<title>Test contact - Daudruy<\/title>\n<meta name=\"robots\" content=\"index, follow, max-snippet:-1, max-image-preview:large, max-video-preview:-1\" \/>\n<link rel=\"canonical\" href=\"https:\/\/daudruy.fr\/en\/test-contact\" \/>\n<meta property=\"og:locale\" content=\"en_GB\" \/>\n<meta property=\"og:type\" content=\"article\" \/>\n<meta property=\"og:title\" content=\"Test contact\" \/>\n<meta property=\"og:url\" content=\"https:\/\/daudruy.fr\/en\/test-contact\" \/>\n<meta property=\"og:site_name\" content=\"Daudruy\" \/>\n<meta property=\"article:modified_time\" content=\"2023-12-18T10:13:43+00:00\" \/>\n<meta name=\"twitter:card\" content=\"summary_large_image\" \/>\n<meta name=\"twitter:label1\" content=\"Estimated reading time\" \/>\n\t<meta name=\"twitter:data1\" content=\"1 minute\" \/>\n<script type=\"application\/ld+json\" class=\"yoast-schema-graph\">{\"@context\":\"https:\/\/schema.org\",\"@graph\":[{\"@type\":\"WebPage\",\"@id\":\"https:\/\/daudruy.fr\/test-contact\",\"url\":\"https:\/\/daudruy.fr\/test-contact\",\"name\":\"Test contact - Daudruy\",\"isPartOf\":{\"@id\":\"https:\/\/daudruy.fr\/#website\"},\"datePublished\":\"2023-12-18T09:56:06+00:00\",\"dateModified\":\"2023-12-18T10:13:43+00:00\",\"breadcrumb\":{\"@id\":\"https:\/\/daudruy.fr\/test-contact#breadcrumb\"},\"inLanguage\":\"en-GB\",\"potentialAction\":[{\"@type\":\"ReadAction\",\"target\":[\"https:\/\/daudruy.fr\/test-contact\"]}]},{\"@type\":\"BreadcrumbList\",\"@id\":\"https:\/\/daudruy.fr\/test-contact#breadcrumb\",\"itemListElement\":[{\"@type\":\"ListItem\",\"position\":1,\"name\":\"Home\",\"item\":\"https:\/\/daudruy.fr\/\"},{\"@type\":\"ListItem\",\"position\":2,\"name\":\"Test contact\"}]},{\"@type\":\"WebSite\",\"@id\":\"https:\/\/daudruy.fr\/#website\",\"url\":\"https:\/\/daudruy.fr\/\",\"name\":\"Daudruy\",\"description\":\"Sp\u00e9cialiste des huiles v\u00e9g\u00e9tales\",\"publisher\":{\"@id\":\"https:\/\/daudruy.fr\/#organization\"},\"potentialAction\":[{\"@type\":\"SearchAction\",\"target\":{\"@type\":\"EntryPoint\",\"urlTemplate\":\"https:\/\/daudruy.fr\/?s={search_term_string}\"},\"query-input\":{\"@type\":\"PropertyValueSpecification\",\"valueRequired\":true,\"valueName\":\"search_term_string\"}}],\"inLanguage\":\"en-GB\"},{\"@type\":\"Organization\",\"@id\":\"https:\/\/daudruy.fr\/#organization\",\"name\":\"Daudruy\",\"url\":\"https:\/\/daudruy.fr\/\",\"logo\":{\"@type\":\"ImageObject\",\"inLanguage\":\"en-GB\",\"@id\":\"https:\/\/daudruy.fr\/#\/schema\/logo\/image\/\",\"url\":\"https:\/\/daudruy.fr\/wp-content\/uploads\/2022\/05\/cropped-svgexport-1-2.png\",\"contentUrl\":\"https:\/\/daudruy.fr\/wp-content\/uploads\/2022\/05\/cropped-svgexport-1-2.png\",\"width\":512,\"height\":512,\"caption\":\"Daudruy\"},\"image\":{\"@id\":\"https:\/\/daudruy.fr\/#\/schema\/logo\/image\/\"}}]}<\/script>\n<!-- \/ Yoast SEO Premium plugin. -->","yoast_head_json":{"title":"Test contact - Daudruy","robots":{"index":"index","follow":"follow","max-snippet":"max-snippet:-1","max-image-preview":"max-image-preview:large","max-video-preview":"max-video-preview:-1"},"canonical":"https:\/\/daudruy.fr\/en\/test-contact","og_locale":"en_GB","og_type":"article","og_title":"Test contact","og_url":"https:\/\/daudruy.fr\/en\/test-contact","og_site_name":"Daudruy","article_modified_time":"2023-12-18T10:13:43+00:00","twitter_card":"summary_large_image","twitter_misc":{"Estimated reading time":"1 minute"},"schema":{"@context":"https:\/\/schema.org","@graph":[{"@type":"WebPage","@id":"https:\/\/daudruy.fr\/test-contact","url":"https:\/\/daudruy.fr\/test-contact","name":"Test contact - Daudruy","isPartOf":{"@id":"https:\/\/daudruy.fr\/#website"},"datePublished":"2023-12-18T09:56:06+00:00","dateModified":"2023-12-18T10:13:43+00:00","breadcrumb":{"@id":"https:\/\/daudruy.fr\/test-contact#breadcrumb"},"inLanguage":"en-GB","potentialAction":[{"@type":"ReadAction","target":["https:\/\/daudruy.fr\/test-contact"]}]},{"@type":"BreadcrumbList","@id":"https:\/\/daudruy.fr\/test-contact#breadcrumb","itemListElement":[{"@type":"ListItem","position":1,"name":"Home","item":"https:\/\/daudruy.fr\/"},{"@type":"ListItem","position":2,"name":"Test contact"}]},{"@type":"WebSite","@id":"https:\/\/daudruy.fr\/#website","url":"https:\/\/daudruy.fr\/","name":"Daudruy","description":"Sp\u00e9cialiste des huiles v\u00e9g\u00e9tales","publisher":{"@id":"https:\/\/daudruy.fr\/#organization"},"potentialAction":[{"@type":"SearchAction","target":{"@type":"EntryPoint","urlTemplate":"https:\/\/daudruy.fr\/?s={search_term_string}"},"query-input":{"@type":"PropertyValueSpecification","valueRequired":true,"valueName":"search_term_string"}}],"inLanguage":"en-GB"},{"@type":"Organization","@id":"https:\/\/daudruy.fr\/#organization","name":"Daudruy","url":"https:\/\/daudruy.fr\/","logo":{"@type":"ImageObject","inLanguage":"en-GB","@id":"https:\/\/daudruy.fr\/#\/schema\/logo\/image\/","url":"https:\/\/daudruy.fr\/wp-content\/uploads\/2022\/05\/cropped-svgexport-1-2.png","contentUrl":"https:\/\/daudruy.fr\/wp-content\/uploads\/2022\/05\/cropped-svgexport-1-2.png","width":512,"height":512,"caption":"Daudruy"},"image":{"@id":"https:\/\/daudruy.fr\/#\/schema\/logo\/image\/"}}]}},"_links":{"self":[{"href":"https:\/\/daudruy.fr\/en\/wp-json\/wp\/v2\/pages\/22957","targetHints":{"allow":["GET"]}}],"collection":[{"href":"https:\/\/daudruy.fr\/en\/wp-json\/wp\/v2\/pages"}],"about":[{"href":"https:\/\/daudruy.fr\/en\/wp-json\/wp\/v2\/types\/page"}],"author":[{"embeddable":true,"href":"https:\/\/daudruy.fr\/en\/wp-json\/wp\/v2\/users\/1"}],"replies":[{"embeddable":true,"href":"https:\/\/daudruy.fr\/en\/wp-json\/wp\/v2\/comments?post=22957"}],"version-history":[{"count":28,"href":"https:\/\/daudruy.fr\/en\/wp-json\/wp\/v2\/pages\/22957\/revisions"}],"predecessor-version":[{"id":22991,"href":"https:\/\/daudruy.fr\/en\/wp-json\/wp\/v2\/pages\/22957\/revisions\/22991"}],"wp:attachment":[{"href":"https:\/\/daudruy.fr\/en\/wp-json\/wp\/v2\/media?parent=22957"}],"curies":[{"name":"wp","href":"https:\/\/api.w.org\/{rel}","templated":true}]}}