{"id":1123,"date":"2022-05-04T10:31:34","date_gmt":"2022-05-04T08:31:34","guid":{"rendered":"https:\/\/daudruy.fr\/?page_id=1123"},"modified":"2022-05-20T15:18:41","modified_gmt":"2022-05-20T13:18:41","slug":"notre-histoire","status":"publish","type":"page","link":"https:\/\/daudruy.fr\/en\/a-propos\/notre-histoire","title":{"rendered":"History"},"content":{"rendered":"<div data-elementor-type=\"wp-page\" data-elementor-id=\"1123\" class=\"elementor elementor-1123\" data-elementor-post-type=\"page\">\n\t\t\t\t\t\t<section data-dce-background-image-url=\"https:\/\/daudruy.fr\/wp-content\/uploads\/2022\/05\/2000.13.1.jpg\" class=\"elementor-section elementor-top-section elementor-element elementor-element-8ff8fd3 elementor-section-height-min-height elementor-section-boxed elementor-section-height-default elementor-section-items-middle\" data-id=\"8ff8fd3\" data-element_type=\"section\" data-e-type=\"section\" data-settings=\"{&quot;background_background&quot;:&quot;classic&quot;}\">\n\t\t\t\t\t\t\t<div class=\"elementor-background-overlay\"><\/div>\n\t\t\t\t\t\t\t<div class=\"elementor-container elementor-column-gap-default\">\n\t\t\t\t\t<div class=\"elementor-column elementor-col-50 elementor-top-column elementor-element elementor-element-f6fece4\" data-id=\"f6fece4\" data-element_type=\"column\" data-e-type=\"column\">\n\t\t\t<div class=\"elementor-widget-wrap elementor-element-populated\">\n\t\t\t\t\t\t<div class=\"elementor-element elementor-element-d23ee02 elementor-widget elementor-widget-dce-breadcrumbs\" data-id=\"d23ee02\" data-element_type=\"widget\" data-e-type=\"widget\" data-widget_type=\"dce-breadcrumbs.default\">\n\t\t\t\t<div class=\"elementor-widget-container\">\n\t\t\t\t\t<div><span><span><a href=\"https:\/\/daudruy.fr\/en\">Home<\/a><\/span><\/span><\/div>\t\t\t\t<\/div>\n\t\t\t\t<\/div>\n\t\t\t\t<div data-dce-title-color=\"#FFFFFF\" class=\"elementor-element elementor-element-b4969d9 elementor-widget elementor-widget-heading\" data-id=\"b4969d9\" data-element_type=\"widget\" data-e-type=\"widget\" data-widget_type=\"heading.default\">\n\t\t\t\t<div class=\"elementor-widget-container\">\n\t\t\t\t\t<h1 class=\"elementor-heading-title elementor-size-default\">History<\/h1>\t\t\t\t<\/div>\n\t\t\t\t<\/div>\n\t\t\t\t<div data-dce-text-color=\"#FFFFFF\" class=\"elementor-element elementor-element-9dd845c elementor-widget elementor-widget-text-editor\" data-id=\"9dd845c\" data-element_type=\"widget\" data-e-type=\"widget\" data-widget_type=\"text-editor.default\">\n\t\t\t\t<div class=\"elementor-widget-container\">\n\t\t\t\t\t\t\t\t\t<p>It all started almost 200 years ago, in 1829, with the schooners of the Van Cauwenberghe - Lemaire fishing company...<\/p>\t\t\t\t\t\t\t\t<\/div>\n\t\t\t\t<\/div>\n\t\t\t\t<div class=\"elementor-element elementor-element-3fa0de1 btn_circle_blanc elementor-widget elementor-widget-button\" data-id=\"3fa0de1\" data-element_type=\"widget\" data-e-type=\"widget\" data-widget_type=\"button.default\">\n\t\t\t\t<div class=\"elementor-widget-container\">\n\t\t\t\t\t\t\t\t\t<div class=\"elementor-button-wrapper\">\n\t\t\t\t\t<a class=\"elementor-button elementor-button-link elementor-size-sm\" href=\"https:\/\/daudruy.fr\/en\/a-propos\/notre-histoire\/remonter-le-temps\/\">\n\t\t\t\t\t\t<span class=\"elementor-button-content-wrapper\">\n\t\t\t\t\t\t\t\t\t<span class=\"elementor-button-text\">Go back in time<\/span>\n\t\t\t\t\t<\/span>\n\t\t\t\t\t<\/a>\n\t\t\t\t<\/div>\n\t\t\t\t\t\t\t\t<\/div>\n\t\t\t\t<\/div>\n\t\t\t\t\t<\/div>\n\t\t<\/div>\n\t\t\t\t<div class=\"elementor-column elementor-col-50 elementor-top-column elementor-element elementor-element-3883c3f\" data-id=\"3883c3f\" data-element_type=\"column\" data-e-type=\"column\">\n\t\t\t<div class=\"elementor-widget-wrap\">\n\t\t\t\t\t\t\t<\/div>\n\t\t<\/div>\n\t\t\t\t\t<\/div>\n\t\t<\/section>\n\t\t\t\t<section class=\"elementor-section elementor-top-section elementor-element elementor-element-53ae158 elementor-section-full_width elementor-section-height-default elementor-section-height-default\" data-id=\"53ae158\" data-element_type=\"section\" data-e-type=\"section\">\n\t\t\t\t\t\t<div class=\"elementor-container elementor-column-gap-default\">\n\t\t\t\t\t<div class=\"elementor-column elementor-col-100 elementor-top-column elementor-element elementor-element-5f36296\" data-id=\"5f36296\" data-element_type=\"column\" data-e-type=\"column\">\n\t\t\t<div class=\"elementor-widget-wrap elementor-element-populated\">\n\t\t\t\t\t\t<div class=\"elementor-element elementor-element-81e0be0 elementor-widget elementor-widget-template\" data-id=\"81e0be0\" data-element_type=\"widget\" data-e-type=\"widget\" data-widget_type=\"template.default\">\n\t\t\t\t<div class=\"elementor-widget-container\">\n\t\t\t\t\t\t\t<div class=\"elementor-template\">\n\t\t\t\t\t<div data-elementor-type=\"section\" data-elementor-id=\"852\" class=\"elementor elementor-852\" data-elementor-post-type=\"elementor_library\">\n\t\t\t\t\t<section class=\"elementor-section elementor-top-section elementor-element elementor-element-f6b7d41 elementor-section-boxed elementor-section-height-default elementor-section-height-default\" data-id=\"f6b7d41\" data-element_type=\"section\" data-e-type=\"section\" data-settings=\"{&quot;background_background&quot;:&quot;classic&quot;}\">\n\t\t\t\t\t\t<div class=\"elementor-container elementor-column-gap-default\">\n\t\t\t\t\t<div class=\"elementor-column elementor-col-100 elementor-top-column elementor-element elementor-element-a8492b6\" data-id=\"a8492b6\" data-element_type=\"column\" data-e-type=\"column\">\n\t\t\t<div class=\"elementor-widget-wrap elementor-element-populated\">\n\t\t\t\t\t\t<div data-dce-title-color=\"#FFFFFF\" class=\"elementor-element elementor-element-3e6650c elementor-widget elementor-widget-heading\" data-id=\"3e6650c\" data-element_type=\"widget\" data-e-type=\"widget\" data-widget_type=\"heading.default\">\n\t\t\t\t<div class=\"elementor-widget-container\">\n\t\t\t\t\t<h2 class=\"elementor-heading-title elementor-size-default translation-block\">Want to know more ? <br>\nLet's talk together<\/h2>\t\t\t\t<\/div>\n\t\t\t\t<\/div>\n\t\t\t\t<div data-dce-text-color=\"#FFFFFF\" class=\"elementor-element elementor-element-ab65e87 elementor-widget elementor-widget-text-editor\" data-id=\"ab65e87\" data-element_type=\"widget\" data-e-type=\"widget\" data-widget_type=\"text-editor.default\">\n\t\t\t\t<div class=\"elementor-widget-container\">\n\t\t\t\t\t\t\t\t\t<p>A particular requirement, a question about oils? Don\u2019t hesitate to ask our specialists.<\/p>\t\t\t\t\t\t\t\t<\/div>\n\t\t\t\t<\/div>\n\t\t\t\t<div class=\"elementor-element elementor-element-94fdd63 btn_circle_blanc elementor-widget__width-auto elementor-widget elementor-widget-button\" data-id=\"94fdd63\" data-element_type=\"widget\" data-e-type=\"widget\" data-widget_type=\"button.default\">\n\t\t\t\t<div class=\"elementor-widget-container\">\n\t\t\t\t\t\t\t\t\t<div class=\"elementor-button-wrapper\">\n\t\t\t\t\t<a class=\"elementor-button elementor-button-link elementor-size-sm\" href=\"#elementor-action%3Aaction%3Dpopup%3Aopen%26settings%3DeyJpZCI6IjE3MjYiLCJ0b2dnbGUiOmZhbHNlfQ%3D%3D\">\n\t\t\t\t\t\t<span class=\"elementor-button-content-wrapper\">\n\t\t\t\t\t\t\t\t\t<span class=\"elementor-button-text\">Contact us<\/span>\n\t\t\t\t\t<\/span>\n\t\t\t\t\t<\/a>\n\t\t\t\t<\/div>\n\t\t\t\t\t\t\t\t<\/div>\n\t\t\t\t<\/div>\n\t\t\t\t\t<\/div>\n\t\t<\/div>\n\t\t\t\t\t<\/div>\n\t\t<\/section>\n\t\t\t\t<\/div>\n\t\t\t\t<\/div>\n\t\t\t\t\t\t<\/div>\n\t\t\t\t<\/div>\n\t\t\t\t\t<\/div>\n\t\t<\/div>\n\t\t\t\t\t<\/div>\n\t\t<\/section>\n\t\t\t\t<\/div>","protected":false},"excerpt":{"rendered":"<p>Notre histoire Tout a commenc\u00e9 il y a pratiquement 200 ans, en 1829 avec les go\u00e9lettes de l\u2019armement de p\u00eache Van Cauwenberghe &#8211; Lemaire\u2026 Remonter le temps<\/p>","protected":false},"author":1,"featured_media":0,"parent":897,"menu_order":0,"comment_status":"closed","ping_status":"closed","template":"","meta":{"_acf_changed":false,"_seopress_robots_primary_cat":"","_seopress_titles_title":"","_seopress_titles_desc":"","_seopress_robots_index":"","inline_featured_image":false,"footnotes":""},"class_list":["post-1123","page","type-page","status-publish","hentry"],"acf":[],"yoast_head":"<!-- This site is optimized with the Yoast SEO Premium plugin v22.8 (Yoast SEO v27.2) - https:\/\/yoast.com\/product\/yoast-seo-premium-wordpress\/ -->\n<title>Notre histoire - Daudruy<\/title>\n<meta name=\"robots\" content=\"index, follow, max-snippet:-1, max-image-preview:large, max-video-preview:-1\" \/>\n<link rel=\"canonical\" href=\"https:\/\/daudruy.fr\/en\/a-propos\/notre-histoire\" \/>\n<meta property=\"og:locale\" content=\"en_GB\" \/>\n<meta property=\"og:type\" content=\"article\" \/>\n<meta property=\"og:title\" content=\"Notre histoire\" \/>\n<meta property=\"og:description\" content=\"Notre histoire Tout a commenc\u00e9 il y a pratiquement 200 ans, en 1829 avec les go\u00e9lettes de l\u2019armement de p\u00eache Van Cauwenberghe &#8211; Lemaire\u2026 Remonter le temps\" \/>\n<meta property=\"og:url\" content=\"https:\/\/daudruy.fr\/en\/a-propos\/notre-histoire\" \/>\n<meta property=\"og:site_name\" content=\"Daudruy\" \/>\n<meta property=\"article:modified_time\" content=\"2022-05-20T13:18:41+00:00\" \/>\n<meta name=\"twitter:card\" content=\"summary_large_image\" \/>\n<script type=\"application\/ld+json\" class=\"yoast-schema-graph\">{\"@context\":\"https:\/\/schema.org\",\"@graph\":[{\"@type\":\"WebPage\",\"@id\":\"https:\/\/daudruy.fr\/a-propos\/notre-histoire\",\"url\":\"https:\/\/daudruy.fr\/a-propos\/notre-histoire\",\"name\":\"Notre histoire - Daudruy\",\"isPartOf\":{\"@id\":\"https:\/\/daudruy.fr\/#website\"},\"datePublished\":\"2022-05-04T08:31:34+00:00\",\"dateModified\":\"2022-05-20T13:18:41+00:00\",\"breadcrumb\":{\"@id\":\"https:\/\/daudruy.fr\/a-propos\/notre-histoire#breadcrumb\"},\"inLanguage\":\"en-GB\",\"potentialAction\":[{\"@type\":\"ReadAction\",\"target\":[\"https:\/\/daudruy.fr\/a-propos\/notre-histoire\"]}]},{\"@type\":\"BreadcrumbList\",\"@id\":\"https:\/\/daudruy.fr\/a-propos\/notre-histoire#breadcrumb\",\"itemListElement\":[{\"@type\":\"ListItem\",\"position\":1,\"name\":\"Home\",\"item\":\"https:\/\/daudruy.fr\/\"},{\"@type\":\"ListItem\",\"position\":2,\"name\":\"\u00c0 propos\",\"item\":\"https:\/\/daudruy.fr\/a-propos\"},{\"@type\":\"ListItem\",\"position\":3,\"name\":\"Notre histoire\"}]},{\"@type\":\"WebSite\",\"@id\":\"https:\/\/daudruy.fr\/#website\",\"url\":\"https:\/\/daudruy.fr\/\",\"name\":\"Daudruy\",\"description\":\"Sp\u00e9cialiste des huiles v\u00e9g\u00e9tales\",\"publisher\":{\"@id\":\"https:\/\/daudruy.fr\/#organization\"},\"potentialAction\":[{\"@type\":\"SearchAction\",\"target\":{\"@type\":\"EntryPoint\",\"urlTemplate\":\"https:\/\/daudruy.fr\/?s={search_term_string}\"},\"query-input\":{\"@type\":\"PropertyValueSpecification\",\"valueRequired\":true,\"valueName\":\"search_term_string\"}}],\"inLanguage\":\"en-GB\"},{\"@type\":\"Organization\",\"@id\":\"https:\/\/daudruy.fr\/#organization\",\"name\":\"Daudruy\",\"url\":\"https:\/\/daudruy.fr\/\",\"logo\":{\"@type\":\"ImageObject\",\"inLanguage\":\"en-GB\",\"@id\":\"https:\/\/daudruy.fr\/#\/schema\/logo\/image\/\",\"url\":\"https:\/\/daudruy.fr\/wp-content\/uploads\/2022\/05\/cropped-svgexport-1-2.png\",\"contentUrl\":\"https:\/\/daudruy.fr\/wp-content\/uploads\/2022\/05\/cropped-svgexport-1-2.png\",\"width\":512,\"height\":512,\"caption\":\"Daudruy\"},\"image\":{\"@id\":\"https:\/\/daudruy.fr\/#\/schema\/logo\/image\/\"}}]}<\/script>\n<!-- \/ Yoast SEO Premium plugin. -->","yoast_head_json":{"title":"Notre histoire - Daudruy","robots":{"index":"index","follow":"follow","max-snippet":"max-snippet:-1","max-image-preview":"max-image-preview:large","max-video-preview":"max-video-preview:-1"},"canonical":"https:\/\/daudruy.fr\/en\/a-propos\/notre-histoire","og_locale":"en_GB","og_type":"article","og_title":"Notre histoire","og_description":"Notre histoire Tout a commenc\u00e9 il y a pratiquement 200 ans, en 1829 avec les go\u00e9lettes de l\u2019armement de p\u00eache Van Cauwenberghe &#8211; Lemaire\u2026 Remonter le temps","og_url":"https:\/\/daudruy.fr\/en\/a-propos\/notre-histoire","og_site_name":"Daudruy","article_modified_time":"2022-05-20T13:18:41+00:00","twitter_card":"summary_large_image","schema":{"@context":"https:\/\/schema.org","@graph":[{"@type":"WebPage","@id":"https:\/\/daudruy.fr\/a-propos\/notre-histoire","url":"https:\/\/daudruy.fr\/a-propos\/notre-histoire","name":"Notre histoire - Daudruy","isPartOf":{"@id":"https:\/\/daudruy.fr\/#website"},"datePublished":"2022-05-04T08:31:34+00:00","dateModified":"2022-05-20T13:18:41+00:00","breadcrumb":{"@id":"https:\/\/daudruy.fr\/a-propos\/notre-histoire#breadcrumb"},"inLanguage":"en-GB","potentialAction":[{"@type":"ReadAction","target":["https:\/\/daudruy.fr\/a-propos\/notre-histoire"]}]},{"@type":"BreadcrumbList","@id":"https:\/\/daudruy.fr\/a-propos\/notre-histoire#breadcrumb","itemListElement":[{"@type":"ListItem","position":1,"name":"Home","item":"https:\/\/daudruy.fr\/"},{"@type":"ListItem","position":2,"name":"\u00c0 propos","item":"https:\/\/daudruy.fr\/a-propos"},{"@type":"ListItem","position":3,"name":"Notre histoire"}]},{"@type":"WebSite","@id":"https:\/\/daudruy.fr\/#website","url":"https:\/\/daudruy.fr\/","name":"Daudruy","description":"Sp\u00e9cialiste des huiles v\u00e9g\u00e9tales","publisher":{"@id":"https:\/\/daudruy.fr\/#organization"},"potentialAction":[{"@type":"SearchAction","target":{"@type":"EntryPoint","urlTemplate":"https:\/\/daudruy.fr\/?s={search_term_string}"},"query-input":{"@type":"PropertyValueSpecification","valueRequired":true,"valueName":"search_term_string"}}],"inLanguage":"en-GB"},{"@type":"Organization","@id":"https:\/\/daudruy.fr\/#organization","name":"Daudruy","url":"https:\/\/daudruy.fr\/","logo":{"@type":"ImageObject","inLanguage":"en-GB","@id":"https:\/\/daudruy.fr\/#\/schema\/logo\/image\/","url":"https:\/\/daudruy.fr\/wp-content\/uploads\/2022\/05\/cropped-svgexport-1-2.png","contentUrl":"https:\/\/daudruy.fr\/wp-content\/uploads\/2022\/05\/cropped-svgexport-1-2.png","width":512,"height":512,"caption":"Daudruy"},"image":{"@id":"https:\/\/daudruy.fr\/#\/schema\/logo\/image\/"}}]}},"_links":{"self":[{"href":"https:\/\/daudruy.fr\/en\/wp-json\/wp\/v2\/pages\/1123","targetHints":{"allow":["GET"]}}],"collection":[{"href":"https:\/\/daudruy.fr\/en\/wp-json\/wp\/v2\/pages"}],"about":[{"href":"https:\/\/daudruy.fr\/en\/wp-json\/wp\/v2\/types\/page"}],"author":[{"embeddable":true,"href":"https:\/\/daudruy.fr\/en\/wp-json\/wp\/v2\/users\/1"}],"replies":[{"embeddable":true,"href":"https:\/\/daudruy.fr\/en\/wp-json\/wp\/v2\/comments?post=1123"}],"version-history":[{"count":16,"href":"https:\/\/daudruy.fr\/en\/wp-json\/wp\/v2\/pages\/1123\/revisions"}],"predecessor-version":[{"id":2369,"href":"https:\/\/daudruy.fr\/en\/wp-json\/wp\/v2\/pages\/1123\/revisions\/2369"}],"up":[{"embeddable":true,"href":"https:\/\/daudruy.fr\/en\/wp-json\/wp\/v2\/pages\/897"}],"wp:attachment":[{"href":"https:\/\/daudruy.fr\/en\/wp-json\/wp\/v2\/media?parent=1123"}],"curies":[{"name":"wp","href":"https:\/\/api.w.org\/{rel}","templated":true}]}}